{"id":186,"date":"2024-12-22T00:35:44","date_gmt":"2024-12-21T23:35:44","guid":{"rendered":"https:\/\/alumni.ifoad-uts.net\/tableau-de-bord-des-offres-demploi\/"},"modified":"2024-12-22T00:35:44","modified_gmt":"2024-12-21T23:35:44","slug":"tableau-de-bord-des-offres-demploi","status":"publish","type":"page","link":"https:\/\/alumni.ifoad-uts.net\/fil-dactualites\/tableau-de-bord-des-offres-demploi\/","title":{"rendered":"Tableau de bord des offres d\u2019emploi"},"content":{"rendered":"<div id=\"job-manager-job-dashboard\">\n\n\t<p class=\"account-sign-in\">Vous devez \u00eatre connect\u00e9 pour g\u00e9rer vos offres. <a class=\"button\" href=\"https:\/\/alumni.ifoad-uts.net\/wp-login.php?redirect_to=https%3A%2F%2Falumni.ifoad-uts.net%2Ffil-dactualites%2Ftableau-de-bord-des-offres-demploi%2F\">Se connecter<\/a><\/p>\n\n<\/div>\n\n","protected":false},"excerpt":{"rendered":"Vous devez \u00eatre connect\u00e9 pour g\u00e9rer vos offres. Se connecter","protected":false},"author":1,"featured_media":0,"parent":0,"menu_order":0,"comment_status":"closed","ping_status":"closed","template":"","meta":{"footnotes":""},"class_list":["post-186","page","type-page","status-publish","hentry"],"_links":{"self":[{"href":"https:\/\/alumni.ifoad-uts.net\/fil-dactualites\/wp-json\/wp\/v2\/pages\/186","targetHints":{"allow":["GET"]}}],"collection":[{"href":"https:\/\/alumni.ifoad-uts.net\/fil-dactualites\/wp-json\/wp\/v2\/pages"}],"about":[{"href":"https:\/\/alumni.ifoad-uts.net\/fil-dactualites\/wp-json\/wp\/v2\/types\/page"}],"author":[{"embeddable":true,"href":"https:\/\/alumni.ifoad-uts.net\/fil-dactualites\/wp-json\/wp\/v2\/users\/1"}],"replies":[{"embeddable":true,"href":"https:\/\/alumni.ifoad-uts.net\/fil-dactualites\/wp-json\/wp\/v2\/comments?post=186"}],"version-history":[{"count":0,"href":"https:\/\/alumni.ifoad-uts.net\/fil-dactualites\/wp-json\/wp\/v2\/pages\/186\/revisions"}],"wp:attachment":[{"href":"https:\/\/alumni.ifoad-uts.net\/fil-dactualites\/wp-json\/wp\/v2\/media?parent=186"}],"curies":[{"name":"wp","href":"https:\/\/api.w.org\/{rel}","templated":true}]}}